{"id":16451,"date":"2018-05-18T14:59:44","date_gmt":"2018-05-18T14:59:44","guid":{"rendered":"https:\/\/bttranslations.com\/sobre-nuestra-empresa\/"},"modified":"2024-04-18T13:18:55","modified_gmt":"2024-04-18T13:18:55","slug":"sobre-nuestra-empresa","status":"publish","type":"page","link":"https:\/\/bttranslations.com\/es\/sobre-nuestra-empresa\/","title":{"rendered":"sobre nuestra empresa"},"content":{"rendered":"<div class=\"fusion-fullwidth fullwidth-box fusion-builder-row-1 nonhundred-percent-fullwidth non-hundred-percent-height-scrolling\" style=\"--awb-border-radius-top-left:0px;--awb-border-radius-top-right:0px;--awb-border-radius-bottom-right:0px;--awb-border-radius-bottom-left:0px;--awb-flex-wrap:wrap;\" ><div class=\"fusion-builder-row fusion-row\"><div class=\"fusion-layout-column fusion_builder_column fusion-builder-column-0 fusion_builder_column_1_1 1_1 fusion-one-full fusion-column-first fusion-column-last\" style=\"--awb-bg-size:cover;--awb-margin-bottom:0px;\"><div class=\"fusion-column-wrapper fusion-flex-column-wrapper-legacy\"><div class=\"fusion-text fusion-text-1\"><h1>ALCANCE GLOBAL<\/h1>\n<p>Despu\u00e9s de lanzar nuestro sitio web en 1999, inmediatamente comenzamos a recibir solicitudes de traducci\u00f3n de todo el mundo.<\/p>\n<p>A medida que m\u00e1s y m\u00e1s empresas hacen negocios en el extranjero, la necesidad de servicios de traducci\u00f3n y localizaci\u00f3n se hizo mayor que nunca.<\/p>\n<p>Como resultado, decidimos mejorar nuestra comunicaci\u00f3n en l\u00ednea y ahora la mayor\u00eda de nuestros clientes son corporaciones internacionales, presentes en varios continentes.<\/p>\n<h1>QU\u00c9 HACEMOS<\/h1>\n<p>Ofrecemos servicios de traducci\u00f3n B2B y localizaci\u00f3n de software para empresas, empresas multinacionales, organizaciones e instituciones.<\/p>\n<p>Nuestros principales clientes son corporaciones multinacionales con una fuerte presencia en todo el mundo, pero tambi\u00e9n somos la agencia de traducci\u00f3n elegida por cientos de peque\u00f1as y medianas empresas, principalmente en Europa, Estados Unidos y Canad\u00e1.<\/p>\n<p>Nuestra misi\u00f3n es ayudarlo en todas sus comunicaciones comerciales en el extranjero: verbales o escritas, audio o video, en l\u00ednea o fuera de l\u00ednea.<\/p>\n<p>Desde nuestra fundaci\u00f3n, hemos proporcionado servicios de localizaci\u00f3n y traducci\u00f3n en todas las \u00e1reas de negocios e industria, tanto en el sector privado como en el p\u00fablico.<\/p>\n<h1>NUESTRA HISTORIA EN EUROPA<\/h1>\n<p>Business Team Translations se estableci\u00f3 en 1999 y desde entonces presta servicios de traducci\u00f3n e interpretaci\u00f3n a empresas e instituciones.<\/p>\n<p>Adem\u00e1s de nuestra oficina irlandesa, tenemos filiales en Italia (<a href=\"http:\/\/bttrans.it\"><br \/>\n  <u>www.bttrans.it<\/u><br \/>\n<\/a>) y Hungr\u00eda (<a href=\"https:\/\/btt.hu\"><br \/>\n  <u>https:\/\/btt.hu<\/u><br \/>\n<\/a>).<\/p>\n<p>Ahora estamos planeando abrir oficinas en todos los pa\u00edses de la Uni\u00f3n Europea para satisfacer las necesidades espec\u00edficas de cada pa\u00eds de nuestros clientes potenciales y existentes.<\/p>\n<p>Nuestro objetivo final es extendernos a\u00fan m\u00e1s y convertirnos en el proveedor local de servicios ling\u00fc\u00edsticos para empresas de todo el mundo.<\/p>\n<\/div><div class=\"fusion-clearfix\"><\/div><\/div><\/div><\/div><\/div>\n","protected":false},"excerpt":{"rendered":"","protected":false},"author":1,"featured_media":0,"parent":0,"menu_order":0,"comment_status":"closed","ping_status":"closed","template":"100-width.php","meta":{"footnotes":""},"class_list":["post-16451","page","type-page","status-publish","hentry"],"yoast_head":"<!-- This site is optimized with the Yoast SEO plugin v27.4 - https:\/\/yoast.com\/product\/yoast-seo-wordpress\/ -->\n<title>sobre nuestra empresa - Business Team Translations<\/title>\n<meta name=\"robots\" content=\"index, follow, max-snippet:-1, max-image-preview:large, max-video-preview:-1\" \/>\n<link rel=\"canonical\" href=\"https:\/\/bttranslations.com\/es\/sobre-nuestra-empresa\/\" \/>\n<meta property=\"og:locale\" content=\"es_ES\" \/>\n<meta property=\"og:type\" content=\"article\" \/>\n<meta property=\"og:title\" content=\"sobre nuestra empresa - Business Team Translations\" \/>\n<meta property=\"og:url\" content=\"https:\/\/bttranslations.com\/es\/sobre-nuestra-empresa\/\" \/>\n<meta property=\"og:site_name\" content=\"Business Team Translations\" \/>\n<meta property=\"article:publisher\" content=\"https:\/\/www.facebook.com\/BTTranslations\" \/>\n<meta property=\"article:modified_time\" content=\"2024-04-18T13:18:55+00:00\" \/>\n<meta name=\"twitter:card\" content=\"summary_large_image\" \/>\n<meta name=\"twitter:site\" content=\"@bttranslations\" \/>\n<meta name=\"twitter:label1\" content=\"Tiempo de lectura\" \/>\n\t<meta name=\"twitter:data1\" content=\"2 minuto\" \/>\n<script type=\"application\/ld+json\" class=\"yoast-schema-graph\">{\"@context\":\"https:\\\/\\\/schema.org\",\"@graph\":[{\"@type\":\"WebPage\",\"@id\":\"https:\\\/\\\/bttranslations.com\\\/es\\\/sobre-nuestra-empresa\\\/\",\"url\":\"https:\\\/\\\/bttranslations.com\\\/es\\\/sobre-nuestra-empresa\\\/\",\"name\":\"sobre nuestra empresa - Business Team Translations\",\"isPartOf\":{\"@id\":\"https:\\\/\\\/bttranslations.com\\\/es\\\/#website\"},\"datePublished\":\"2018-05-18T14:59:44+00:00\",\"dateModified\":\"2024-04-18T13:18:55+00:00\",\"breadcrumb\":{\"@id\":\"https:\\\/\\\/bttranslations.com\\\/es\\\/sobre-nuestra-empresa\\\/#breadcrumb\"},\"inLanguage\":\"es\",\"potentialAction\":[{\"@type\":\"ReadAction\",\"target\":[\"https:\\\/\\\/bttranslations.com\\\/es\\\/sobre-nuestra-empresa\\\/\"]}]},{\"@type\":\"BreadcrumbList\",\"@id\":\"https:\\\/\\\/bttranslations.com\\\/es\\\/sobre-nuestra-empresa\\\/#breadcrumb\",\"itemListElement\":[{\"@type\":\"ListItem\",\"position\":1,\"name\":\"Home\",\"item\":\"https:\\\/\\\/bttranslations.com\\\/es\\\/servicios-profesionales-de-localizacion-y-traduccion-a-nivel-empresarial\\\/\"},{\"@type\":\"ListItem\",\"position\":2,\"name\":\"sobre nuestra empresa\"}]},{\"@type\":\"WebSite\",\"@id\":\"https:\\\/\\\/bttranslations.com\\\/es\\\/#website\",\"url\":\"https:\\\/\\\/bttranslations.com\\\/es\\\/\",\"name\":\"Business Team Translations\",\"description\":\"Corporate Translation Services, Dublin\",\"publisher\":{\"@id\":\"https:\\\/\\\/bttranslations.com\\\/es\\\/#organization\"},\"potentialAction\":[{\"@type\":\"SearchAction\",\"target\":{\"@type\":\"EntryPoint\",\"urlTemplate\":\"https:\\\/\\\/bttranslations.com\\\/es\\\/?s={search_term_string}\"},\"query-input\":{\"@type\":\"PropertyValueSpecification\",\"valueRequired\":true,\"valueName\":\"search_term_string\"}}],\"inLanguage\":\"es\"},{\"@type\":\"Organization\",\"@id\":\"https:\\\/\\\/bttranslations.com\\\/es\\\/#organization\",\"name\":\"Business Team Translations\",\"url\":\"https:\\\/\\\/bttranslations.com\\\/es\\\/\",\"logo\":{\"@type\":\"ImageObject\",\"inLanguage\":\"es\",\"@id\":\"https:\\\/\\\/bttranslations.com\\\/es\\\/#\\\/schema\\\/logo\\\/image\\\/\",\"url\":\"https:\\\/\\\/bttranslations.com\\\/wp-content\\\/uploads\\\/2022\\\/07\\\/10509753_868346933177343_3079094232210176704_n.jpg\",\"contentUrl\":\"https:\\\/\\\/bttranslations.com\\\/wp-content\\\/uploads\\\/2022\\\/07\\\/10509753_868346933177343_3079094232210176704_n.jpg\",\"width\":600,\"height\":600,\"caption\":\"Business Team Translations\"},\"image\":{\"@id\":\"https:\\\/\\\/bttranslations.com\\\/es\\\/#\\\/schema\\\/logo\\\/image\\\/\"},\"sameAs\":[\"https:\\\/\\\/www.facebook.com\\\/BTTranslations\",\"https:\\\/\\\/x.com\\\/bttranslations\",\"https:\\\/\\\/www.linkedin.com\\\/company\\\/9259799\"]}]}<\/script>\n<!-- \/ Yoast SEO plugin. -->","yoast_head_json":{"title":"sobre nuestra empresa - Business Team Translations","robots":{"index":"index","follow":"follow","max-snippet":"max-snippet:-1","max-image-preview":"max-image-preview:large","max-video-preview":"max-video-preview:-1"},"canonical":"https:\/\/bttranslations.com\/es\/sobre-nuestra-empresa\/","og_locale":"es_ES","og_type":"article","og_title":"sobre nuestra empresa - Business Team Translations","og_url":"https:\/\/bttranslations.com\/es\/sobre-nuestra-empresa\/","og_site_name":"Business Team Translations","article_publisher":"https:\/\/www.facebook.com\/BTTranslations","article_modified_time":"2024-04-18T13:18:55+00:00","twitter_card":"summary_large_image","twitter_site":"@bttranslations","twitter_misc":{"Tiempo de lectura":"2 minuto"},"schema":{"@context":"https:\/\/schema.org","@graph":[{"@type":"WebPage","@id":"https:\/\/bttranslations.com\/es\/sobre-nuestra-empresa\/","url":"https:\/\/bttranslations.com\/es\/sobre-nuestra-empresa\/","name":"sobre nuestra empresa - Business Team Translations","isPartOf":{"@id":"https:\/\/bttranslations.com\/es\/#website"},"datePublished":"2018-05-18T14:59:44+00:00","dateModified":"2024-04-18T13:18:55+00:00","breadcrumb":{"@id":"https:\/\/bttranslations.com\/es\/sobre-nuestra-empresa\/#breadcrumb"},"inLanguage":"es","potentialAction":[{"@type":"ReadAction","target":["https:\/\/bttranslations.com\/es\/sobre-nuestra-empresa\/"]}]},{"@type":"BreadcrumbList","@id":"https:\/\/bttranslations.com\/es\/sobre-nuestra-empresa\/#breadcrumb","itemListElement":[{"@type":"ListItem","position":1,"name":"Home","item":"https:\/\/bttranslations.com\/es\/servicios-profesionales-de-localizacion-y-traduccion-a-nivel-empresarial\/"},{"@type":"ListItem","position":2,"name":"sobre nuestra empresa"}]},{"@type":"WebSite","@id":"https:\/\/bttranslations.com\/es\/#website","url":"https:\/\/bttranslations.com\/es\/","name":"Business Team Translations","description":"Corporate Translation Services, Dublin","publisher":{"@id":"https:\/\/bttranslations.com\/es\/#organization"},"potentialAction":[{"@type":"SearchAction","target":{"@type":"EntryPoint","urlTemplate":"https:\/\/bttranslations.com\/es\/?s={search_term_string}"},"query-input":{"@type":"PropertyValueSpecification","valueRequired":true,"valueName":"search_term_string"}}],"inLanguage":"es"},{"@type":"Organization","@id":"https:\/\/bttranslations.com\/es\/#organization","name":"Business Team Translations","url":"https:\/\/bttranslations.com\/es\/","logo":{"@type":"ImageObject","inLanguage":"es","@id":"https:\/\/bttranslations.com\/es\/#\/schema\/logo\/image\/","url":"https:\/\/bttranslations.com\/wp-content\/uploads\/2022\/07\/10509753_868346933177343_3079094232210176704_n.jpg","contentUrl":"https:\/\/bttranslations.com\/wp-content\/uploads\/2022\/07\/10509753_868346933177343_3079094232210176704_n.jpg","width":600,"height":600,"caption":"Business Team Translations"},"image":{"@id":"https:\/\/bttranslations.com\/es\/#\/schema\/logo\/image\/"},"sameAs":["https:\/\/www.facebook.com\/BTTranslations","https:\/\/x.com\/bttranslations","https:\/\/www.linkedin.com\/company\/9259799"]}]}},"_links":{"self":[{"href":"https:\/\/bttranslations.com\/es\/wp-json\/wp\/v2\/pages\/16451","targetHints":{"allow":["GET"]}}],"collection":[{"href":"https:\/\/bttranslations.com\/es\/wp-json\/wp\/v2\/pages"}],"about":[{"href":"https:\/\/bttranslations.com\/es\/wp-json\/wp\/v2\/types\/page"}],"author":[{"embeddable":true,"href":"https:\/\/bttranslations.com\/es\/wp-json\/wp\/v2\/users\/1"}],"replies":[{"embeddable":true,"href":"https:\/\/bttranslations.com\/es\/wp-json\/wp\/v2\/comments?post=16451"}],"version-history":[{"count":16,"href":"https:\/\/bttranslations.com\/es\/wp-json\/wp\/v2\/pages\/16451\/revisions"}],"predecessor-version":[{"id":18270,"href":"https:\/\/bttranslations.com\/es\/wp-json\/wp\/v2\/pages\/16451\/revisions\/18270"}],"wp:attachment":[{"href":"https:\/\/bttranslations.com\/es\/wp-json\/wp\/v2\/media?parent=16451"}],"curies":[{"name":"wp","href":"https:\/\/api.w.org\/{rel}","templated":true}]}}