{"id":17130,"date":"2022-12-26T10:32:22","date_gmt":"2022-12-26T10:32:22","guid":{"rendered":"https:\/\/bttranslations.com\/servicio-de-traduccion-certificada-traduccion-por-contrato\/"},"modified":"2022-12-30T11:44:11","modified_gmt":"2022-12-30T11:44:11","slug":"servicio-de-traduccion-certificada-traduccion-por-contrato","status":"publish","type":"page","link":"https:\/\/bttranslations.com\/es\/servicio-de-traduccion-certificada-traduccion-por-contrato\/","title":{"rendered":"Servicio de traducci\u00f3n certificada &#8211; Traducci\u00f3n por contrato"},"content":{"rendered":"<p><div class=\"fusion-fullwidth fullwidth-box fusion-builder-row-1 fusion-flex-container has-pattern-background has-mask-background nonhundred-percent-fullwidth non-hundred-percent-height-scrolling\" style=\"--awb-border-radius-top-left:0px;--awb-border-radius-top-right:0px;--awb-border-radius-bottom-right:0px;--awb-border-radius-bottom-left:0px;--awb-padding-top:3%;--awb-padding-bottom:0px;--awb-padding-left:2%;--awb-margin-top:0px;--awb-margin-bottom:0px;--awb-flex-wrap:wrap;\" ><div class=\"fusion-builder-row fusion-row fusion-flex-align-items-flex-start fusion-flex-content-wrap\" style=\"max-width:1144px;margin-left: calc(-4% \/ 2 );margin-right: calc(-4% \/ 2 );\"><div class=\"fusion-layout-column fusion_builder_column fusion-builder-column-0 fusion_builder_column_1_1 1_1 fusion-flex-column fusion-flex-align-self-stretch\" style=\"--awb-bg-size:cover;--awb-width-large:100%;--awb-margin-top-large:0px;--awb-spacing-right-large:1.92%;--awb-margin-bottom-large:20px;--awb-spacing-left-large:1.92%;--awb-width-medium:100%;--awb-order-medium:0;--awb-spacing-right-medium:1.92%;--awb-spacing-left-medium:1.92%;--awb-width-small:100%;--awb-order-small:0;--awb-spacing-right-small:1.92%;--awb-spacing-left-small:1.92%;\"><div class=\"fusion-column-wrapper fusion-column-has-shadow fusion-flex-justify-content-flex-start fusion-content-layout-column\"><div class=\"fusion-title title fusion-title-1 fusion-sep-none fusion-title-center fusion-title-text fusion-title-size-one\" style=\"--awb-margin-top-small:0px;--awb-margin-right-small:0px;--awb-margin-bottom-small:20px;--awb-margin-left-small:0px;\"><h1 class=\"fusion-title-heading title-heading-center fusion-responsive-typography-calculated\" style=\"margin:0;--fontSize:34;line-height:1.41;\"><p style=\"text-align: center;\"><strong>Traducci\u00f3n de contratos legales &#8211; Servicio de traducci\u00f3n jurada<\/strong><\/p><\/h1><\/div><\/div><\/div><\/div><\/div><div class=\"fusion-fullwidth fullwidth-box fusion-builder-row-2 fusion-flex-container has-pattern-background has-mask-background nonhundred-percent-fullwidth non-hundred-percent-height-scrolling\" style=\"--awb-border-radius-top-left:0px;--awb-border-radius-top-right:0px;--awb-border-radius-bottom-right:0px;--awb-border-radius-bottom-left:0px;--awb-flex-wrap:wrap;\" ><div class=\"fusion-builder-row fusion-row fusion-flex-align-items-flex-start fusion-flex-content-wrap\" style=\"max-width:1144px;margin-left: calc(-4% \/ 2 );margin-right: calc(-4% \/ 2 );\"><div class=\"fusion-layout-column fusion_builder_column fusion-builder-column-1 fusion_builder_column_1_1 1_1 fusion-flex-column\" style=\"--awb-bg-size:cover;--awb-width-large:100%;--awb-margin-top-large:0px;--awb-spacing-right-large:1.92%;--awb-margin-bottom-large:20px;--awb-spacing-left-large:1.92%;--awb-width-medium:100%;--awb-order-medium:0;--awb-spacing-right-medium:1.92%;--awb-spacing-left-medium:1.92%;--awb-width-small:100%;--awb-order-small:0;--awb-spacing-right-small:1.92%;--awb-spacing-left-small:1.92%;\"><div class=\"fusion-column-wrapper fusion-column-has-shadow fusion-flex-justify-content-flex-start fusion-content-layout-column\"><div class=\"fusion-text fusion-text-1\"><h2 style=\"text-align: center;\">Traducci\u00f3n jurada de contratos legales y comerciales, precios altamente competitivos, calidad impecable de traductores expertos<\/h2>\n<\/div><\/div><\/div><\/div><\/div><div class=\"fusion-fullwidth fullwidth-box fusion-builder-row-3 fusion-flex-container has-pattern-background has-mask-background nonhundred-percent-fullwidth non-hundred-percent-height-scrolling\" style=\"--awb-border-radius-top-left:0px;--awb-border-radius-top-right:0px;--awb-border-radius-bottom-right:0px;--awb-border-radius-bottom-left:0px;--awb-flex-wrap:wrap;\" ><div class=\"fusion-builder-row fusion-row fusion-flex-align-items-flex-start fusion-flex-content-wrap\" style=\"max-width:1144px;margin-left: calc(-4% \/ 2 );margin-right: calc(-4% \/ 2 );\"><div class=\"fusion-layout-column fusion_builder_column fusion-builder-column-2 fusion_builder_column_1_1 1_1 fusion-flex-column\" style=\"--awb-bg-size:cover;--awb-width-large:100%;--awb-margin-top-large:0px;--awb-spacing-right-large:1.92%;--awb-margin-bottom-large:20px;--awb-spacing-left-large:1.92%;--awb-width-medium:100%;--awb-order-medium:0;--awb-spacing-right-medium:1.92%;--awb-spacing-left-medium:1.92%;--awb-width-small:100%;--awb-order-small:0;--awb-spacing-right-small:1.92%;--awb-spacing-left-small:1.92%;\"><div class=\"fusion-column-wrapper fusion-column-has-shadow fusion-flex-justify-content-flex-start fusion-content-layout-column\"><div class=\"fusion-text fusion-text-2\"><p>Nuestros traductores jur\u00eddicos traducen contratos de venta, arrendamiento, transporte y pr\u00e9stamo desde 1999. Nuestros traductores producen alta calidad y saben que no basta con estar familiarizado con el tema: el conocimiento perfecto de la jerga legal tambi\u00e9n es esencial.<\/p>\n<\/div><\/div><\/div><\/div><\/div><div class=\"fusion-fullwidth fullwidth-box fusion-builder-row-4 fusion-flex-container has-pattern-background has-mask-background nonhundred-percent-fullwidth non-hundred-percent-height-scrolling\" style=\"--awb-border-radius-top-left:0px;--awb-border-radius-top-right:0px;--awb-border-radius-bottom-right:0px;--awb-border-radius-bottom-left:0px;--awb-margin-top:0px;--awb-flex-wrap:wrap;\" ><div class=\"fusion-builder-row fusion-row fusion-flex-align-items-flex-start fusion-flex-content-wrap\" style=\"max-width:1144px;margin-left: calc(-4% \/ 2 );margin-right: calc(-4% \/ 2 );\"><div class=\"fusion-layout-column fusion_builder_column fusion-builder-column-3 fusion_builder_column_1_1 1_1 fusion-flex-column\" style=\"--awb-bg-size:cover;--awb-width-large:100%;--awb-margin-top-large:0px;--awb-spacing-right-large:1.92%;--awb-margin-bottom-large:20px;--awb-spacing-left-large:1.92%;--awb-width-medium:100%;--awb-order-medium:0;--awb-spacing-right-medium:1.92%;--awb-spacing-left-medium:1.92%;--awb-width-small:100%;--awb-order-small:0;--awb-spacing-right-small:1.92%;--awb-spacing-left-small:1.92%;\"><div class=\"fusion-column-wrapper fusion-column-has-shadow fusion-flex-justify-content-flex-start fusion-content-layout-column\"><div class=\"fusion-text fusion-text-3\"><p>Nuestros traductores utilizan los sistemas de apoyo a la traducci\u00f3n m\u00e1s avanzados para lograr los mejores resultados posibles, incluso cuando se trata de la traducci\u00f3n de cientos de p\u00e1ginas de textos legales. Firmamos un Acuerdo de confidencialidad antes de comenzar cualquier proyecto de traducci\u00f3n y borramos todo el contenido una vez finalizado de acuerdo con la normativa vigente. Creamos hitos para proyectos de traducci\u00f3n m\u00e1s grandes para cumplir con todos los plazos inferiores tambi\u00e9n. Puede enviar sus documentos para su traducci\u00f3n a trav\u00e9s de nuestro formulario de solicitud, wetransfer o correo electr\u00f3nico.<\/p>\n<\/div><\/div><\/div><\/div><\/div><div class=\"fusion-fullwidth fullwidth-box fusion-builder-row-5 fusion-flex-container has-pattern-background has-mask-background nonhundred-percent-fullwidth non-hundred-percent-height-scrolling\" style=\"--awb-border-radius-top-left:0px;--awb-border-radius-top-right:0px;--awb-border-radius-bottom-right:0px;--awb-border-radius-bottom-left:0px;--awb-flex-wrap:wrap;\" ><div class=\"fusion-builder-row fusion-row fusion-flex-align-items-flex-start fusion-flex-content-wrap\" style=\"max-width:1144px;margin-left: calc(-4% \/ 2 );margin-right: calc(-4% \/ 2 );\"><div class=\"fusion-layout-column fusion_builder_column fusion-builder-column-4 fusion_builder_column_1_1 1_1 fusion-flex-column\" style=\"--awb-bg-size:cover;--awb-width-large:100%;--awb-margin-top-large:0px;--awb-spacing-right-large:1.92%;--awb-margin-bottom-large:20px;--awb-spacing-left-large:1.92%;--awb-width-medium:100%;--awb-order-medium:0;--awb-spacing-right-medium:1.92%;--awb-spacing-left-medium:1.92%;--awb-width-small:100%;--awb-order-small:0;--awb-spacing-right-small:1.92%;--awb-spacing-left-small:1.92%;\"><div class=\"fusion-column-wrapper fusion-column-has-shadow fusion-flex-justify-content-flex-start fusion-content-layout-column\"><div class=\"fusion-text fusion-text-4\"><p>Desde 1999, hemos traducido miles de contratos legales y acuerdos en una amplia gama de industrias y sectores de servicios. Los tipos m\u00e1s comunes de contratos son los siguientes:<\/p>\n<ul>\n<li>Contratos de alquiler y arrendamiento<\/li>\n<li>Acuerdos de venta<\/li>\n<li>Contratos de transporte<\/li>\n<li>Contratos de pr\u00e9stamo<\/li>\n<li>Contratos de trabajo<\/li>\n<\/ul>\n<\/div><\/div><\/div><\/div><\/div><div class=\"fusion-fullwidth fullwidth-box fusion-builder-row-6 fusion-flex-container has-pattern-background has-mask-background nonhundred-percent-fullwidth non-hundred-percent-height-scrolling\" style=\"--awb-border-radius-top-left:0px;--awb-border-radius-top-right:0px;--awb-border-radius-bottom-right:0px;--awb-border-radius-bottom-left:0px;--awb-flex-wrap:wrap;\" ><div class=\"fusion-builder-row fusion-row fusion-flex-align-items-flex-start fusion-flex-content-wrap\" style=\"max-width:1144px;margin-left: calc(-4% \/ 2 );margin-right: calc(-4% \/ 2 );\"><div class=\"fusion-layout-column fusion_builder_column fusion-builder-column-5 fusion_builder_column_1_1 1_1 fusion-flex-column\" style=\"--awb-bg-size:cover;--awb-width-large:100%;--awb-margin-top-large:0px;--awb-spacing-right-large:1.92%;--awb-margin-bottom-large:20px;--awb-spacing-left-large:1.92%;--awb-width-medium:100%;--awb-order-medium:0;--awb-spacing-right-medium:1.92%;--awb-spacing-left-medium:1.92%;--awb-width-small:100%;--awb-order-small:0;--awb-spacing-right-small:1.92%;--awb-spacing-left-small:1.92%;\"><div class=\"fusion-column-wrapper fusion-column-has-shadow fusion-flex-justify-content-flex-start fusion-content-layout-column\"><div class=\"fusion-text fusion-text-5\"><p>Hasta ahora hemos completado 30.812 proyectos de traducci\u00f3n para empresas, organizaciones e instituciones. La traducci\u00f3n profesional de contratos es uno de nuestros servicios m\u00e1s solicitados.<\/p>\n<\/div><\/div><\/div><\/div><\/div><div class=\"fusion-fullwidth fullwidth-box fusion-builder-row-7 fusion-flex-container has-pattern-background has-mask-background nonhundred-percent-fullwidth non-hundred-percent-height-scrolling\" style=\"--awb-border-radius-top-left:0px;--awb-border-radius-top-right:0px;--awb-border-radius-bottom-right:0px;--awb-border-radius-bottom-left:0px;--awb-flex-wrap:wrap;\" ><div class=\"fusion-builder-row fusion-row fusion-flex-align-items-flex-start fusion-flex-content-wrap\" style=\"max-width:1144px;margin-left: calc(-4% \/ 2 );margin-right: calc(-4% \/ 2 );\"><div class=\"fusion-layout-column fusion_builder_column fusion-builder-column-6 fusion_builder_column_1_1 1_1 fusion-flex-column\" style=\"--awb-bg-size:cover;--awb-width-large:100%;--awb-margin-top-large:0px;--awb-spacing-right-large:1.92%;--awb-margin-bottom-large:20px;--awb-spacing-left-large:1.92%;--awb-width-medium:100%;--awb-order-medium:0;--awb-spacing-right-medium:1.92%;--awb-spacing-left-medium:1.92%;--awb-width-small:100%;--awb-order-small:0;--awb-spacing-right-small:1.92%;--awb-spacing-left-small:1.92%;\"><div class=\"fusion-column-wrapper fusion-column-has-shadow fusion-flex-justify-content-flex-start fusion-content-layout-column\"><div class=\"fusion-text fusion-text-6\"><p>Knorr-Bremse fabrica sistemas de frenos para veh\u00edculos ferroviarios y comerciales en todo el mundo desde hace m\u00e1s de 100 a\u00f1os. Nuestra agencia de traducci\u00f3n lleva m\u00e1s de siete a\u00f1os trabajando con la empresa. Traducimos principalmente contratos de trabajo, acuerdos de compensaci\u00f3n y evaluaciones de desempe\u00f1o en varios pares de idiomas.<\/p>\n<\/div><\/div><\/div><\/div><\/div><div class=\"fusion-fullwidth fullwidth-box fusion-builder-row-8 fusion-flex-container has-pattern-background has-mask-background nonhundred-percent-fullwidth non-hundred-percent-height-scrolling\" style=\"--awb-border-radius-top-left:0px;--awb-border-radius-top-right:0px;--awb-border-radius-bottom-right:0px;--awb-border-radius-bottom-left:0px;--awb-flex-wrap:wrap;\" ><div class=\"fusion-builder-row fusion-row fusion-flex-align-items-flex-start fusion-flex-content-wrap\" style=\"max-width:1144px;margin-left: calc(-4% \/ 2 );margin-right: calc(-4% \/ 2 );\"><div class=\"fusion-layout-column fusion_builder_column fusion-builder-column-7 fusion_builder_column_1_1 1_1 fusion-flex-column\" style=\"--awb-bg-size:cover;--awb-width-large:100%;--awb-margin-top-large:0px;--awb-spacing-right-large:1.92%;--awb-margin-bottom-large:20px;--awb-spacing-left-large:1.92%;--awb-width-medium:100%;--awb-order-medium:0;--awb-spacing-right-medium:1.92%;--awb-spacing-left-medium:1.92%;--awb-width-small:100%;--awb-order-small:0;--awb-spacing-right-small:1.92%;--awb-spacing-left-small:1.92%;\"><div class=\"fusion-column-wrapper fusion-column-has-shadow fusion-flex-justify-content-flex-start fusion-content-layout-column\"><div class=\"fusion-text fusion-text-7\"><p>DB Schenker es una de las principales corporaciones log\u00edsticas del mundo. En los \u00faltimos ocho a\u00f1os, se nos ha solicitado traducir contratos de arrendamiento, declaraciones de cumplimiento y declaraciones de impuestos en ingl\u00e9s y alem\u00e1n.<\/p>\n<\/div><\/div><\/div><\/div><\/div><div class=\"fusion-fullwidth fullwidth-box fusion-builder-row-9 fusion-flex-container has-pattern-background has-mask-background nonhundred-percent-fullwidth non-hundred-percent-height-scrolling\" style=\"--awb-border-radius-top-left:0px;--awb-border-radius-top-right:0px;--awb-border-radius-bottom-right:0px;--awb-border-radius-bottom-left:0px;--awb-flex-wrap:wrap;\" ><div class=\"fusion-builder-row fusion-row fusion-flex-align-items-flex-start fusion-flex-content-wrap\" style=\"max-width:1144px;margin-left: calc(-4% \/ 2 );margin-right: calc(-4% \/ 2 );\"><div class=\"fusion-layout-column fusion_builder_column fusion-builder-column-8 fusion_builder_column_1_1 1_1 fusion-flex-column\" style=\"--awb-bg-size:cover;--awb-width-large:100%;--awb-margin-top-large:0px;--awb-spacing-right-large:1.92%;--awb-margin-bottom-large:20px;--awb-spacing-left-large:1.92%;--awb-width-medium:100%;--awb-order-medium:0;--awb-spacing-right-medium:1.92%;--awb-spacing-left-medium:1.92%;--awb-width-small:100%;--awb-order-small:0;--awb-spacing-right-small:1.92%;--awb-spacing-left-small:1.92%;\"><div class=\"fusion-column-wrapper fusion-column-has-shadow fusion-flex-justify-content-flex-start fusion-content-layout-column\"><div class=\"fusion-text fusion-text-8\"><p>Las traducciones legales son confidenciales y los documentos legales mencionados anteriormente son solo ejemplos de los cientos de traducciones que hemos estado haciendo para cientos de empresas en docenas de idiomas.<\/p>\n<\/div><\/div><\/div><\/div><\/div><div class=\"fusion-fullwidth fullwidth-box fusion-builder-row-10 fusion-flex-container has-pattern-background has-mask-background nonhundred-percent-fullwidth non-hundred-percent-height-scrolling\" style=\"--awb-border-radius-top-left:0px;--awb-border-radius-top-right:0px;--awb-border-radius-bottom-right:0px;--awb-border-radius-bottom-left:0px;--awb-flex-wrap:wrap;\" ><div class=\"fusion-builder-row fusion-row fusion-flex-align-items-flex-start fusion-flex-content-wrap\" style=\"max-width:1144px;margin-left: calc(-4% \/ 2 );margin-right: calc(-4% \/ 2 );\"><div class=\"fusion-layout-column fusion_builder_column fusion-builder-column-9 fusion_builder_column_1_1 1_1 fusion-flex-column\" style=\"--awb-bg-size:cover;--awb-width-large:100%;--awb-margin-top-large:0px;--awb-spacing-right-large:1.92%;--awb-margin-bottom-large:20px;--awb-spacing-left-large:1.92%;--awb-width-medium:100%;--awb-order-medium:0;--awb-spacing-right-medium:1.92%;--awb-spacing-left-medium:1.92%;--awb-width-small:100%;--awb-order-small:0;--awb-spacing-right-small:1.92%;--awb-spacing-left-small:1.92%;\"><div class=\"fusion-column-wrapper fusion-column-has-shadow fusion-flex-justify-content-flex-start fusion-content-layout-column\"><div class=\"fusion-text fusion-text-9\"><p>Si est\u00e1 buscando un proveedor de servicios de traducci\u00f3n confiable, solicite un presupuesto o simplemente cont\u00e1ctenos.<\/p>\n<\/div><\/div><\/div><\/div><\/div><\/p>\n","protected":false},"excerpt":{"rendered":"","protected":false},"author":1,"featured_media":0,"parent":0,"menu_order":0,"comment_status":"closed","ping_status":"closed","template":"100-width.php","meta":{"footnotes":""},"class_list":["post-17130","page","type-page","status-publish","hentry"],"yoast_head":"<!-- This site is optimized with the Yoast SEO plugin v27.3 - https:\/\/yoast.com\/product\/yoast-seo-wordpress\/ -->\n<title>Servicio de traducci\u00f3n certificada - Traducci\u00f3n por contrato - Business Team Translations<\/title>\n<meta name=\"robots\" content=\"index, follow, max-snippet:-1, max-image-preview:large, max-video-preview:-1\" \/>\n<link rel=\"canonical\" href=\"https:\/\/bttranslations.com\/es\/servicio-de-traduccion-certificada-traduccion-por-contrato\/\" \/>\n<meta property=\"og:locale\" content=\"es_ES\" \/>\n<meta property=\"og:type\" content=\"article\" \/>\n<meta property=\"og:title\" content=\"Servicio de traducci\u00f3n certificada - Traducci\u00f3n por contrato - Business Team Translations\" \/>\n<meta property=\"og:url\" content=\"https:\/\/bttranslations.com\/es\/servicio-de-traduccion-certificada-traduccion-por-contrato\/\" \/>\n<meta property=\"og:site_name\" content=\"Business Team Translations\" \/>\n<meta property=\"article:publisher\" content=\"https:\/\/www.facebook.com\/BTTranslations\" \/>\n<meta property=\"article:modified_time\" content=\"2022-12-30T11:44:11+00:00\" \/>\n<meta name=\"twitter:card\" content=\"summary_large_image\" \/>\n<meta name=\"twitter:site\" content=\"@bttranslations\" \/>\n<meta name=\"twitter:label1\" content=\"Tiempo de lectura\" \/>\n\t<meta name=\"twitter:data1\" content=\"28 minuto\" \/>\n<script type=\"application\/ld+json\" class=\"yoast-schema-graph\">{\"@context\":\"https:\\\/\\\/schema.org\",\"@graph\":[{\"@type\":\"WebPage\",\"@id\":\"https:\\\/\\\/bttranslations.com\\\/es\\\/servicio-de-traduccion-certificada-traduccion-por-contrato\\\/\",\"url\":\"https:\\\/\\\/bttranslations.com\\\/es\\\/servicio-de-traduccion-certificada-traduccion-por-contrato\\\/\",\"name\":\"Servicio de traducci\u00f3n certificada - Traducci\u00f3n por contrato - Business Team Translations\",\"isPartOf\":{\"@id\":\"https:\\\/\\\/bttranslations.com\\\/es\\\/#website\"},\"datePublished\":\"2022-12-26T10:32:22+00:00\",\"dateModified\":\"2022-12-30T11:44:11+00:00\",\"breadcrumb\":{\"@id\":\"https:\\\/\\\/bttranslations.com\\\/es\\\/servicio-de-traduccion-certificada-traduccion-por-contrato\\\/#breadcrumb\"},\"inLanguage\":\"es\",\"potentialAction\":[{\"@type\":\"ReadAction\",\"target\":[\"https:\\\/\\\/bttranslations.com\\\/es\\\/servicio-de-traduccion-certificada-traduccion-por-contrato\\\/\"]}]},{\"@type\":\"BreadcrumbList\",\"@id\":\"https:\\\/\\\/bttranslations.com\\\/es\\\/servicio-de-traduccion-certificada-traduccion-por-contrato\\\/#breadcrumb\",\"itemListElement\":[{\"@type\":\"ListItem\",\"position\":1,\"name\":\"Home\",\"item\":\"https:\\\/\\\/bttranslations.com\\\/es\\\/servicios-profesionales-de-localizacion-y-traduccion-a-nivel-empresarial\\\/\"},{\"@type\":\"ListItem\",\"position\":2,\"name\":\"Servicio de traducci\u00f3n certificada &#8211; Traducci\u00f3n por contrato\"}]},{\"@type\":\"WebSite\",\"@id\":\"https:\\\/\\\/bttranslations.com\\\/es\\\/#website\",\"url\":\"https:\\\/\\\/bttranslations.com\\\/es\\\/\",\"name\":\"Business Team Translations\",\"description\":\"Corporate Translation Services, Dublin\",\"publisher\":{\"@id\":\"https:\\\/\\\/bttranslations.com\\\/es\\\/#organization\"},\"potentialAction\":[{\"@type\":\"SearchAction\",\"target\":{\"@type\":\"EntryPoint\",\"urlTemplate\":\"https:\\\/\\\/bttranslations.com\\\/es\\\/?s={search_term_string}\"},\"query-input\":{\"@type\":\"PropertyValueSpecification\",\"valueRequired\":true,\"valueName\":\"search_term_string\"}}],\"inLanguage\":\"es\"},{\"@type\":\"Organization\",\"@id\":\"https:\\\/\\\/bttranslations.com\\\/es\\\/#organization\",\"name\":\"Business Team Translations\",\"url\":\"https:\\\/\\\/bttranslations.com\\\/es\\\/\",\"logo\":{\"@type\":\"ImageObject\",\"inLanguage\":\"es\",\"@id\":\"https:\\\/\\\/bttranslations.com\\\/es\\\/#\\\/schema\\\/logo\\\/image\\\/\",\"url\":\"https:\\\/\\\/bttranslations.com\\\/wp-content\\\/uploads\\\/2022\\\/07\\\/10509753_868346933177343_3079094232210176704_n.jpg\",\"contentUrl\":\"https:\\\/\\\/bttranslations.com\\\/wp-content\\\/uploads\\\/2022\\\/07\\\/10509753_868346933177343_3079094232210176704_n.jpg\",\"width\":600,\"height\":600,\"caption\":\"Business Team Translations\"},\"image\":{\"@id\":\"https:\\\/\\\/bttranslations.com\\\/es\\\/#\\\/schema\\\/logo\\\/image\\\/\"},\"sameAs\":[\"https:\\\/\\\/www.facebook.com\\\/BTTranslations\",\"https:\\\/\\\/x.com\\\/bttranslations\",\"https:\\\/\\\/www.linkedin.com\\\/company\\\/9259799\"]}]}<\/script>\n<!-- \/ Yoast SEO plugin. -->","yoast_head_json":{"title":"Servicio de traducci\u00f3n certificada - Traducci\u00f3n por contrato - Business Team Translations","robots":{"index":"index","follow":"follow","max-snippet":"max-snippet:-1","max-image-preview":"max-image-preview:large","max-video-preview":"max-video-preview:-1"},"canonical":"https:\/\/bttranslations.com\/es\/servicio-de-traduccion-certificada-traduccion-por-contrato\/","og_locale":"es_ES","og_type":"article","og_title":"Servicio de traducci\u00f3n certificada - Traducci\u00f3n por contrato - Business Team Translations","og_url":"https:\/\/bttranslations.com\/es\/servicio-de-traduccion-certificada-traduccion-por-contrato\/","og_site_name":"Business Team Translations","article_publisher":"https:\/\/www.facebook.com\/BTTranslations","article_modified_time":"2022-12-30T11:44:11+00:00","twitter_card":"summary_large_image","twitter_site":"@bttranslations","twitter_misc":{"Tiempo de lectura":"28 minuto"},"schema":{"@context":"https:\/\/schema.org","@graph":[{"@type":"WebPage","@id":"https:\/\/bttranslations.com\/es\/servicio-de-traduccion-certificada-traduccion-por-contrato\/","url":"https:\/\/bttranslations.com\/es\/servicio-de-traduccion-certificada-traduccion-por-contrato\/","name":"Servicio de traducci\u00f3n certificada - Traducci\u00f3n por contrato - Business Team Translations","isPartOf":{"@id":"https:\/\/bttranslations.com\/es\/#website"},"datePublished":"2022-12-26T10:32:22+00:00","dateModified":"2022-12-30T11:44:11+00:00","breadcrumb":{"@id":"https:\/\/bttranslations.com\/es\/servicio-de-traduccion-certificada-traduccion-por-contrato\/#breadcrumb"},"inLanguage":"es","potentialAction":[{"@type":"ReadAction","target":["https:\/\/bttranslations.com\/es\/servicio-de-traduccion-certificada-traduccion-por-contrato\/"]}]},{"@type":"BreadcrumbList","@id":"https:\/\/bttranslations.com\/es\/servicio-de-traduccion-certificada-traduccion-por-contrato\/#breadcrumb","itemListElement":[{"@type":"ListItem","position":1,"name":"Home","item":"https:\/\/bttranslations.com\/es\/servicios-profesionales-de-localizacion-y-traduccion-a-nivel-empresarial\/"},{"@type":"ListItem","position":2,"name":"Servicio de traducci\u00f3n certificada &#8211; Traducci\u00f3n por contrato"}]},{"@type":"WebSite","@id":"https:\/\/bttranslations.com\/es\/#website","url":"https:\/\/bttranslations.com\/es\/","name":"Business Team Translations","description":"Corporate Translation Services, Dublin","publisher":{"@id":"https:\/\/bttranslations.com\/es\/#organization"},"potentialAction":[{"@type":"SearchAction","target":{"@type":"EntryPoint","urlTemplate":"https:\/\/bttranslations.com\/es\/?s={search_term_string}"},"query-input":{"@type":"PropertyValueSpecification","valueRequired":true,"valueName":"search_term_string"}}],"inLanguage":"es"},{"@type":"Organization","@id":"https:\/\/bttranslations.com\/es\/#organization","name":"Business Team Translations","url":"https:\/\/bttranslations.com\/es\/","logo":{"@type":"ImageObject","inLanguage":"es","@id":"https:\/\/bttranslations.com\/es\/#\/schema\/logo\/image\/","url":"https:\/\/bttranslations.com\/wp-content\/uploads\/2022\/07\/10509753_868346933177343_3079094232210176704_n.jpg","contentUrl":"https:\/\/bttranslations.com\/wp-content\/uploads\/2022\/07\/10509753_868346933177343_3079094232210176704_n.jpg","width":600,"height":600,"caption":"Business Team Translations"},"image":{"@id":"https:\/\/bttranslations.com\/es\/#\/schema\/logo\/image\/"},"sameAs":["https:\/\/www.facebook.com\/BTTranslations","https:\/\/x.com\/bttranslations","https:\/\/www.linkedin.com\/company\/9259799"]}]}},"_links":{"self":[{"href":"https:\/\/bttranslations.com\/es\/wp-json\/wp\/v2\/pages\/17130","targetHints":{"allow":["GET"]}}],"collection":[{"href":"https:\/\/bttranslations.com\/es\/wp-json\/wp\/v2\/pages"}],"about":[{"href":"https:\/\/bttranslations.com\/es\/wp-json\/wp\/v2\/types\/page"}],"author":[{"embeddable":true,"href":"https:\/\/bttranslations.com\/es\/wp-json\/wp\/v2\/users\/1"}],"replies":[{"embeddable":true,"href":"https:\/\/bttranslations.com\/es\/wp-json\/wp\/v2\/comments?post=17130"}],"version-history":[{"count":2,"href":"https:\/\/bttranslations.com\/es\/wp-json\/wp\/v2\/pages\/17130\/revisions"}],"predecessor-version":[{"id":17132,"href":"https:\/\/bttranslations.com\/es\/wp-json\/wp\/v2\/pages\/17130\/revisions\/17132"}],"wp:attachment":[{"href":"https:\/\/bttranslations.com\/es\/wp-json\/wp\/v2\/media?parent=17130"}],"curies":[{"name":"wp","href":"https:\/\/api.w.org\/{rel}","templated":true}]}}