{"id":17856,"date":"2023-01-25T09:14:14","date_gmt":"2023-01-25T09:14:14","guid":{"rendered":"https:\/\/bttranslations.com\/traduccion-al-maltes\/"},"modified":"2023-01-25T09:14:14","modified_gmt":"2023-01-25T09:14:14","slug":"traduccion-al-maltes","status":"publish","type":"page","link":"https:\/\/bttranslations.com\/es\/traduccion-al-maltes\/","title":{"rendered":"Traducci\u00f3n al malt\u00e9s"},"content":{"rendered":"<h1>Traducci\u00f3n al malt\u00e9s<\/h1>\n<section><strong>Hemos estado proporcionando servicios de traducci\u00f3n desde 1999 y estaremos encantados de traducir malt\u00e9s para usted.  <\/strong>  Algunas caracter\u00edsticas de nuestro distinguido servicio:<\/section>\n<ul>\n<li>Cada paso de nuestro trabajo est\u00e1 regulado y de acuerdo con el sistema de garant\u00eda de calidad ISO 9001: 2009;<\/li>\n<li>Nuestros traductores malteses cuidadosamente seleccionados no solo son expertos ling\u00fc\u00edsticos calificados, sino que tambi\u00e9n tienen un m\u00ednimo de tres a\u00f1os de experiencia en el campo elegido;<\/li>\n<li>Manejamos todos los documentos con el m\u00e1ximo cuidado, de acuerdo con el prop\u00f3sito de la traducci\u00f3n;<\/li>\n<li>Ofrecemos servicios de edici\u00f3n y DTP con todo incluido;<\/li>\n<li>Creamos bases de datos terminol\u00f3gicas reutilizables para nuestros clientes fieles para garantizar la coherencia terminol\u00f3gica a largo plazo.<\/li>\n<\/ul>\n<h3>\u00bfNecesita un presupuesto para la traducci\u00f3n al malt\u00e9s?<\/h3>\n<p>\u00a1Nuestro formulario de solicitud de traducci\u00f3n te lo pone f\u00e1cil!<\/p>\n<div class=\"small-title\">\n<h3>Traducciones malt\u00e9s-ingl\u00e9s<\/h3>\n<\/div>\n<p>Nuestras traducciones malt\u00e9s-ingl\u00e9s son producidas por traductores y revisores nativos de ingl\u00e9s y malt\u00e9s.<\/p>\n<div class=\"small-title\">\n<h3>\u00bfCu\u00e1ndo recomiendas la revisi\u00f3n?<\/h3>\n<\/div>\n<p>Los textos que se publican (como cat\u00e1logos, folletos) o se utilizan con fines oficiales (por ejemplo, presentados a las autoridades) deben ser revisados por un corrector de pruebas profesional, ya que un texto mecanografiado est\u00e1ndar no revisado puede contener inexactitudes. En pocas palabras, si un texto se hace p\u00fablico, debe ser corregido. A pesar de que nuestros traductores malteses son expertos altamente calificados que ya han demostrado su experiencia innumerables veces, pueden cometer un error ortogr\u00e1fico accidental o escribir mal una palabra. Desafortunadamente, una sola palabra mal escrita puede causar una impresi\u00f3n negativa en los lectores nativos. Los revisores experimentados est\u00e1n capacitados para eliminar tales errores, mientras que los traductores se centran principalmente en la precisi\u00f3n del contenido y el flujo adecuado del texto.<\/p>\n<div class=\"small-title\">\n<h3>\u00bfC\u00f3mo puedo obtener un presupuesto para la traducci\u00f3n al malt\u00e9s?<\/h3>\n<\/div>\n<p>Para obtener m\u00e1s informaci\u00f3n, solicite su presupuesto gratuito en l\u00ednea o env\u00ede un correo electr\u00f3nico a <a href=\"mailto:info@bttranslations.com\">info@bttranslations.com<\/a>. Despu\u00e9s de recibir su solicitud, nos pondremos en contacto con usted lo antes posible con el presupuesto o m\u00e1s preguntas sobre la traducci\u00f3n. Si est\u00e1 buscando un socio de traducci\u00f3n a largo plazo, ll\u00e1menos primero para discutir los detalles y los posibles descuentos.<\/p>\n<div class=\"small-title\">\n<h3>\u00bfPuedo tener una traducci\u00f3n de muestra antes de realizar un pedido?<\/h3>\n<\/div>\n<p>Si necesita una traducci\u00f3n grande y desea asegurarse de que la calidad de nuestro servicio cumple o supera sus expectativas, puede solicitar una traducci\u00f3n de muestra (hasta 300 palabras).<\/p>\n<div class=\"small-title\">\n<h3>Nuestro lema: \u00abNada puede sustituir a la experiencia en la traducci\u00f3n\u00bb.<\/h3>\n<\/div>\n<p>El mayor activo de nuestra empresa es <strong>la experiencia<\/strong>. En los \u00faltimos diecis\u00e9is a\u00f1os, hemos completado varios proyectos enormes, haciendo frente a los plazos, teniendo batallas con la terminolog\u00eda y los problemas tecnol\u00f3gicos tambi\u00e9n. Pero cada d\u00eda es un nuevo desaf\u00edo por el cual estamos adquiriendo m\u00e1s y m\u00e1s experiencia. Adem\u00e1s de las habilidades y la experiencia, la <strong>experiencia<\/strong> es el valor agregado m\u00e1s importante en nuestro servicio.<\/p>\n","protected":false},"excerpt":{"rendered":"<p>Traducci\u00f3n al malt\u00e9s Hemos estado proporcionando servicios de traducci\u00f3n desde 1999 y estaremos encantados de traducir malt\u00e9s para usted. Algunas caracter\u00edsticas de nuestro distinguido servicio: Cada paso de nuestro trabajo est\u00e1 regulado y de acuerdo con el sistema de garant\u00eda de calidad ISO 9001: 2009; Nuestros traductores malteses cuidadosamente seleccionados no solo son expertos ling\u00fc\u00edsticos  [&#8230;]<\/p>\n","protected":false},"author":1,"featured_media":0,"parent":0,"menu_order":0,"comment_status":"open","ping_status":"closed","template":"","meta":{"footnotes":""},"class_list":["post-17856","page","type-page","status-publish","hentry"],"yoast_head":"<!-- This site is optimized with the Yoast SEO plugin v27.3 - https:\/\/yoast.com\/product\/yoast-seo-wordpress\/ -->\n<title>Traducci\u00f3n al malt\u00e9s - Business Team Translations<\/title>\n<meta name=\"robots\" content=\"index, follow, max-snippet:-1, max-image-preview:large, max-video-preview:-1\" \/>\n<link rel=\"canonical\" href=\"https:\/\/bttranslations.com\/es\/traduccion-al-maltes\/\" \/>\n<meta property=\"og:locale\" content=\"es_ES\" \/>\n<meta property=\"og:type\" content=\"article\" \/>\n<meta property=\"og:title\" content=\"Traducci\u00f3n al malt\u00e9s - Business Team Translations\" \/>\n<meta property=\"og:description\" content=\"Traducci\u00f3n al malt\u00e9s Hemos estado proporcionando servicios de traducci\u00f3n desde 1999 y estaremos encantados de traducir malt\u00e9s para usted. Algunas caracter\u00edsticas de nuestro distinguido servicio: Cada paso de nuestro trabajo est\u00e1 regulado y de acuerdo con el sistema de garant\u00eda de calidad ISO 9001: 2009; Nuestros traductores malteses cuidadosamente seleccionados no solo son expertos ling\u00fc\u00edsticos [...]\" \/>\n<meta property=\"og:url\" content=\"https:\/\/bttranslations.com\/es\/traduccion-al-maltes\/\" \/>\n<meta property=\"og:site_name\" content=\"Business Team Translations\" \/>\n<meta property=\"article:publisher\" content=\"https:\/\/www.facebook.com\/BTTranslations\" \/>\n<meta name=\"twitter:card\" content=\"summary_large_image\" \/>\n<meta name=\"twitter:site\" content=\"@bttranslations\" \/>\n<meta name=\"twitter:label1\" content=\"Tiempo de lectura\" \/>\n\t<meta name=\"twitter:data1\" content=\"3 minuto\" \/>\n<script type=\"application\/ld+json\" class=\"yoast-schema-graph\">{\"@context\":\"https:\\\/\\\/schema.org\",\"@graph\":[{\"@type\":\"WebPage\",\"@id\":\"https:\\\/\\\/bttranslations.com\\\/es\\\/traduccion-al-maltes\\\/\",\"url\":\"https:\\\/\\\/bttranslations.com\\\/es\\\/traduccion-al-maltes\\\/\",\"name\":\"Traducci\u00f3n al malt\u00e9s - Business Team Translations\",\"isPartOf\":{\"@id\":\"https:\\\/\\\/bttranslations.com\\\/es\\\/#website\"},\"datePublished\":\"2023-01-25T09:14:14+00:00\",\"breadcrumb\":{\"@id\":\"https:\\\/\\\/bttranslations.com\\\/es\\\/traduccion-al-maltes\\\/#breadcrumb\"},\"inLanguage\":\"es\",\"potentialAction\":[{\"@type\":\"ReadAction\",\"target\":[\"https:\\\/\\\/bttranslations.com\\\/es\\\/traduccion-al-maltes\\\/\"]}]},{\"@type\":\"BreadcrumbList\",\"@id\":\"https:\\\/\\\/bttranslations.com\\\/es\\\/traduccion-al-maltes\\\/#breadcrumb\",\"itemListElement\":[{\"@type\":\"ListItem\",\"position\":1,\"name\":\"Home\",\"item\":\"https:\\\/\\\/bttranslations.com\\\/es\\\/servicios-profesionales-de-localizacion-y-traduccion-a-nivel-empresarial\\\/\"},{\"@type\":\"ListItem\",\"position\":2,\"name\":\"Traducci\u00f3n al malt\u00e9s\"}]},{\"@type\":\"WebSite\",\"@id\":\"https:\\\/\\\/bttranslations.com\\\/es\\\/#website\",\"url\":\"https:\\\/\\\/bttranslations.com\\\/es\\\/\",\"name\":\"Business Team Translations\",\"description\":\"Corporate Translation Services, Dublin\",\"publisher\":{\"@id\":\"https:\\\/\\\/bttranslations.com\\\/es\\\/#organization\"},\"potentialAction\":[{\"@type\":\"SearchAction\",\"target\":{\"@type\":\"EntryPoint\",\"urlTemplate\":\"https:\\\/\\\/bttranslations.com\\\/es\\\/?s={search_term_string}\"},\"query-input\":{\"@type\":\"PropertyValueSpecification\",\"valueRequired\":true,\"valueName\":\"search_term_string\"}}],\"inLanguage\":\"es\"},{\"@type\":\"Organization\",\"@id\":\"https:\\\/\\\/bttranslations.com\\\/es\\\/#organization\",\"name\":\"Business Team Translations\",\"url\":\"https:\\\/\\\/bttranslations.com\\\/es\\\/\",\"logo\":{\"@type\":\"ImageObject\",\"inLanguage\":\"es\",\"@id\":\"https:\\\/\\\/bttranslations.com\\\/es\\\/#\\\/schema\\\/logo\\\/image\\\/\",\"url\":\"https:\\\/\\\/bttranslations.com\\\/wp-content\\\/uploads\\\/2022\\\/07\\\/10509753_868346933177343_3079094232210176704_n.jpg\",\"contentUrl\":\"https:\\\/\\\/bttranslations.com\\\/wp-content\\\/uploads\\\/2022\\\/07\\\/10509753_868346933177343_3079094232210176704_n.jpg\",\"width\":600,\"height\":600,\"caption\":\"Business Team Translations\"},\"image\":{\"@id\":\"https:\\\/\\\/bttranslations.com\\\/es\\\/#\\\/schema\\\/logo\\\/image\\\/\"},\"sameAs\":[\"https:\\\/\\\/www.facebook.com\\\/BTTranslations\",\"https:\\\/\\\/x.com\\\/bttranslations\",\"https:\\\/\\\/www.linkedin.com\\\/company\\\/9259799\"]}]}<\/script>\n<!-- \/ Yoast SEO plugin. -->","yoast_head_json":{"title":"Traducci\u00f3n al malt\u00e9s - Business Team Translations","robots":{"index":"index","follow":"follow","max-snippet":"max-snippet:-1","max-image-preview":"max-image-preview:large","max-video-preview":"max-video-preview:-1"},"canonical":"https:\/\/bttranslations.com\/es\/traduccion-al-maltes\/","og_locale":"es_ES","og_type":"article","og_title":"Traducci\u00f3n al malt\u00e9s - Business Team Translations","og_description":"Traducci\u00f3n al malt\u00e9s Hemos estado proporcionando servicios de traducci\u00f3n desde 1999 y estaremos encantados de traducir malt\u00e9s para usted. Algunas caracter\u00edsticas de nuestro distinguido servicio: Cada paso de nuestro trabajo est\u00e1 regulado y de acuerdo con el sistema de garant\u00eda de calidad ISO 9001: 2009; Nuestros traductores malteses cuidadosamente seleccionados no solo son expertos ling\u00fc\u00edsticos [...]","og_url":"https:\/\/bttranslations.com\/es\/traduccion-al-maltes\/","og_site_name":"Business Team Translations","article_publisher":"https:\/\/www.facebook.com\/BTTranslations","twitter_card":"summary_large_image","twitter_site":"@bttranslations","twitter_misc":{"Tiempo de lectura":"3 minuto"},"schema":{"@context":"https:\/\/schema.org","@graph":[{"@type":"WebPage","@id":"https:\/\/bttranslations.com\/es\/traduccion-al-maltes\/","url":"https:\/\/bttranslations.com\/es\/traduccion-al-maltes\/","name":"Traducci\u00f3n al malt\u00e9s - Business Team Translations","isPartOf":{"@id":"https:\/\/bttranslations.com\/es\/#website"},"datePublished":"2023-01-25T09:14:14+00:00","breadcrumb":{"@id":"https:\/\/bttranslations.com\/es\/traduccion-al-maltes\/#breadcrumb"},"inLanguage":"es","potentialAction":[{"@type":"ReadAction","target":["https:\/\/bttranslations.com\/es\/traduccion-al-maltes\/"]}]},{"@type":"BreadcrumbList","@id":"https:\/\/bttranslations.com\/es\/traduccion-al-maltes\/#breadcrumb","itemListElement":[{"@type":"ListItem","position":1,"name":"Home","item":"https:\/\/bttranslations.com\/es\/servicios-profesionales-de-localizacion-y-traduccion-a-nivel-empresarial\/"},{"@type":"ListItem","position":2,"name":"Traducci\u00f3n al malt\u00e9s"}]},{"@type":"WebSite","@id":"https:\/\/bttranslations.com\/es\/#website","url":"https:\/\/bttranslations.com\/es\/","name":"Business Team Translations","description":"Corporate Translation Services, Dublin","publisher":{"@id":"https:\/\/bttranslations.com\/es\/#organization"},"potentialAction":[{"@type":"SearchAction","target":{"@type":"EntryPoint","urlTemplate":"https:\/\/bttranslations.com\/es\/?s={search_term_string}"},"query-input":{"@type":"PropertyValueSpecification","valueRequired":true,"valueName":"search_term_string"}}],"inLanguage":"es"},{"@type":"Organization","@id":"https:\/\/bttranslations.com\/es\/#organization","name":"Business Team Translations","url":"https:\/\/bttranslations.com\/es\/","logo":{"@type":"ImageObject","inLanguage":"es","@id":"https:\/\/bttranslations.com\/es\/#\/schema\/logo\/image\/","url":"https:\/\/bttranslations.com\/wp-content\/uploads\/2022\/07\/10509753_868346933177343_3079094232210176704_n.jpg","contentUrl":"https:\/\/bttranslations.com\/wp-content\/uploads\/2022\/07\/10509753_868346933177343_3079094232210176704_n.jpg","width":600,"height":600,"caption":"Business Team Translations"},"image":{"@id":"https:\/\/bttranslations.com\/es\/#\/schema\/logo\/image\/"},"sameAs":["https:\/\/www.facebook.com\/BTTranslations","https:\/\/x.com\/bttranslations","https:\/\/www.linkedin.com\/company\/9259799"]}]}},"_links":{"self":[{"href":"https:\/\/bttranslations.com\/es\/wp-json\/wp\/v2\/pages\/17856","targetHints":{"allow":["GET"]}}],"collection":[{"href":"https:\/\/bttranslations.com\/es\/wp-json\/wp\/v2\/pages"}],"about":[{"href":"https:\/\/bttranslations.com\/es\/wp-json\/wp\/v2\/types\/page"}],"author":[{"embeddable":true,"href":"https:\/\/bttranslations.com\/es\/wp-json\/wp\/v2\/users\/1"}],"replies":[{"embeddable":true,"href":"https:\/\/bttranslations.com\/es\/wp-json\/wp\/v2\/comments?post=17856"}],"version-history":[{"count":0,"href":"https:\/\/bttranslations.com\/es\/wp-json\/wp\/v2\/pages\/17856\/revisions"}],"wp:attachment":[{"href":"https:\/\/bttranslations.com\/es\/wp-json\/wp\/v2\/media?parent=17856"}],"curies":[{"name":"wp","href":"https:\/\/api.w.org\/{rel}","templated":true}]}}